{"id":2380,"date":"2010-10-19T15:04:31","date_gmt":"2010-10-19T13:04:31","guid":{"rendered":"http:\/\/www.paridasclub.com\/wp\/?page_id=2380"},"modified":"2012-01-23T14:59:04","modified_gmt":"2012-01-23T12:59:04","slug":"seccion-de-enlaces","status":"publish","type":"page","link":"https:\/\/www.paridasclub.com\/wp\/seccion-de-enlaces\/","title":{"rendered":"Secci\u00f3n de enlaces"},"content":{"rendered":"<p>\u00bfQuieres que tu web salga en esta secci\u00f3n?. Env\u00edanos un correo a paridasclub@gmail.com con la direcci\u00f3n de tu web y la url donde hayas puesto un enlace al paridas club con el ancla \u00abParidas Club. la web del cahondeo\u00bb.<\/p>\n<p>url: http:\/\/www.paridasclub.com\/wp<br \/>\nnombre: Paridas Club<br \/>\nalt= Paridas Club. La web del cachondeo.<\/p>\n<p>Tambi\u00e9n podeis poner la siguiente imagen como enlace.<\/p>\n<p style=\"text-align: center;\"><img loading=\"lazy\" decoding=\"async\" class=\"size-full wp-image-2620  aligncenter\" title=\"Paridas Club. La web del cahondeo\" src=\"http:\/\/www.paridasclub.com\/wp\/wp-content\/uploads\/2010\/10\/paridasclub100.jpg\" alt=\"Paridas Club. La web del cahondeo\" width=\"100\" height=\"45\" \/><\/p>\n<p><strong>WEBS AMIGAS<\/strong><\/p>\n<p><a href=\"http:\/\/www.todoenlaces.com\/544\/varios.html\">Varios humor<\/a><\/p>\n<p><a href=\"http:\/\/www.canalgirl.com\" target=\"_blank\">Canal Girl<\/a><\/p>\n<p><a href=\"http:\/\/www.rankhispano.com\" target=\"_blank\">Rankhispano<\/a><\/p>\n<p><a title=\"Chistes\" href=\"http:\/\/www.todohumor.com\/chistes\" target=\"_blank\">Chistes<\/a> Los mejores y m\u00e1s graciosos chistes, bromas, im\u00e1genes, animaciones y mucho m\u00e1s en tu p\u00e1gina de humor.<\/p>\n<p><a title=\"SoloWrestling\" href=\"http:\/\/www.todohumor.com\/chistes\" target=\"_blank\">Solowrestling<\/a> El mejor portal en espa\u00f1ol sobre el mundo del wrestling,lucha libre, MMA&#8230;<\/p>\n<p><a href=\"http:\/\/www.eldirectorio.tk\">El Directorio<\/a><\/p>\n<p><a href=\"http:\/\/directoriofacil.freeiz.com\/\">Directorio F&aacute;cil<\/a><\/p>\n<div id=\"s-share-buttons\" class=\"horizontal-w-c-circular s-share-w-c\"><a href=\"http:\/\/www.facebook.com\/sharer.php?u=https:\/\/www.paridasclub.com\/wp\/seccion-de-enlaces\/\" target=\"_blank\" title=\"Share to Facebook\" class=\"s3-facebook hint--top\"><\/a><a href=\"http:\/\/twitter.com\/intent\/tweet?text=Secci\u00f3n de enlaces&url=https:\/\/www.paridasclub.com\/wp\/seccion-de-enlaces\/\" target=\"_blank\"  title=\"Share to Twitter\" class=\"s3-twitter hint--top\"><\/a><a href=\"https:\/\/plus.google.com\/share?url=https:\/\/www.paridasclub.com\/wp\/seccion-de-enlaces\/\" target=\"_blank\"  title=\"Share to Google Plus\" class=\"s3-google-plus hint--top\"><\/a><a href=\"http:\/\/www.tumblr.com\/share\/link?url=https%3A%2F%2Fwww.paridasclub.com%2Fwp%2Fseccion-de-enlaces%2F&name=Secci%C3%B3n+de+enlaces\" target=\"_blank\" title=\"Share to Tumblr\" class=\"s3-tumblr hint--top\"><\/a><a href=\"mailto:?Subject=Secci\u00f3n%20de%20enlaces&Body=Here%20is%20the%20link%20to%20the%20article:%20https:\/\/www.paridasclub.com\/wp\/seccion-de-enlaces\/\" title=\"Email this article\" class=\"s3-email hint--top\"><\/a><\/div>","protected":false},"excerpt":{"rendered":"<p>\u00bfQuieres que tu web salga en esta secci\u00f3n?. Env\u00edanos un correo a paridasclub@gmail.com con la direcci\u00f3n de tu web y la url donde hayas puesto un enlace al paridas club con el ancla \u00abParidas Club. la web del cahondeo\u00bb. url: http:\/\/www.paridasclub.com\/wp nombre: Paridas Club alt= Paridas Club. La web del cachondeo. Tambi\u00e9n podeis poner la [&hellip;]<\/p>\n","protected":false},"author":3,"featured_media":0,"parent":0,"menu_order":0,"comment_status":"open","ping_status":"open","template":"","meta":{"footnotes":""},"aioseo_notices":[],"_links":{"self":[{"href":"https:\/\/www.paridasclub.com\/wp\/wp-json\/wp\/v2\/pages\/2380"}],"collection":[{"href":"https:\/\/www.paridasclub.com\/wp\/wp-json\/wp\/v2\/pages"}],"about":[{"href":"https:\/\/www.paridasclub.com\/wp\/wp-json\/wp\/v2\/types\/page"}],"author":[{"embeddable":true,"href":"https:\/\/www.paridasclub.com\/wp\/wp-json\/wp\/v2\/users\/3"}],"replies":[{"embeddable":true,"href":"https:\/\/www.paridasclub.com\/wp\/wp-json\/wp\/v2\/comments?post=2380"}],"version-history":[{"count":13,"href":"https:\/\/www.paridasclub.com\/wp\/wp-json\/wp\/v2\/pages\/2380\/revisions"}],"predecessor-version":[{"id":6630,"href":"https:\/\/www.paridasclub.com\/wp\/wp-json\/wp\/v2\/pages\/2380\/revisions\/6630"}],"wp:attachment":[{"href":"https:\/\/www.paridasclub.com\/wp\/wp-json\/wp\/v2\/media?parent=2380"}],"curies":[{"name":"wp","href":"https:\/\/api.w.org\/{rel}","templated":true}]}}